{"id":6,"date":"2019-03-04T14:21:05","date_gmt":"2019-03-04T13:21:05","guid":{"rendered":"https:\/\/drivervtc13.fr\/?page_id=6"},"modified":"2026-03-08T16:04:15","modified_gmt":"2026-03-08T15:04:15","slug":"mentions-legales","status":"publish","type":"page","link":"https:\/\/drivervtc13.fr\/en\/mentions-legales\/","title":{"rendered":"Mentions L\u00e9gales"},"content":{"rendered":"<div data-elementor-type=\"wp-post\" data-elementor-id=\"6\" class=\"elementor elementor-6\" data-elementor-post-type=\"page\">\n\t\t\t\t\t\t<section class=\"elementor-section elementor-top-section elementor-element elementor-element-67e8ba5f elementor-section-boxed elementor-section-height-default elementor-section-height-default\" data-id=\"67e8ba5f\" data-element_type=\"section\" data-e-type=\"section\">\n\t\t\t\t\t\t<div class=\"elementor-container elementor-column-gap-default\">\n\t\t\t\t\t<div class=\"elementor-column elementor-col-100 elementor-top-column elementor-element elementor-element-5ec537e\" data-id=\"5ec537e\" data-element_type=\"column\" data-e-type=\"column\">\n\t\t\t<div class=\"elementor-widget-wrap elementor-element-populated\">\n\t\t\t\t\t\t<div class=\"elementor-element elementor-element-291a2eff elementor-widget elementor-widget-text-editor\" data-id=\"291a2eff\" data-element_type=\"widget\" data-e-type=\"widget\" data-widget_type=\"text-editor.default\">\n\t\t\t\t<div class=\"elementor-widget-container\">\n\t\t\t\t\t\t\t\t\t<p><strong>Le site drivervtc13.fr<\/strong><strong> est \u00e9dit\u00e9 par :<\/strong><\/p><p>WebAudit France<br \/>245 rue du marais, 73190 Challes-les-Eaux<br \/>SARL au capital de 600\u20ac<br \/>RCS Chamb\u00e9ry 823 628 698<br \/>contact(@)webaudit.fr<\/p><p><strong>Le site drivervtc13.fr <\/strong><strong>est \u00e9dit\u00e9 pour :<\/strong><\/p><p>Raison sociale\u202f: DJAHAFI MEHDI<br \/>Nom commercial\u202f: Driver VTC Marseille<br \/>Adresse\u202f: 2 RUE DE L&rsquo;HELICE 13015 MARSEILLE<br \/>SIRET\u202f: 98525147900020<br \/>Num\u00e9ro de TVA\u202f: FR34985251479<br \/>Date de cr\u00e9ation\u202f: 27\/02\/2024<br \/>Capital social\u202f: 0\u20ac<br \/>Directeur de publication\u202f: DJAHAFI MEHDI<br \/>T\u00e9l\u00e9phone : +33 7 68 94 57 68<\/p><p>Domaine activit\u00e9\u202f: VTC<\/p><p>Le site internet de votre VTC \u00e0 Marseille a \u00e9t\u00e9 r\u00e9alis\u00e9 par l\u2019\u00e9quipe de Webaudit France, sp\u00e9cialiste de la r\u00e9alisation de <a href=\"https:\/\/webaudit.fr\/taxi\">site Web pour chauffeur VTC<\/a>\u00a0avec r\u00e9f\u00e9rencement naturel.<\/p><p><b>H\u00e9bergeur :<\/b><\/p><p>Infomaniak Network SA<br \/>Rue Eug\u00e8ne Marziano 25<br \/>1227 Les Acacias (GE)<br \/>Registre du commerce du canton de Gen\u00e8ve : CH-660.0.059.996-1<br \/>Num\u00e9ro IDE : CHE-103.167.648<br \/>Num\u00e9ro TVA : CHE-103.167.648<\/p><p><b>R\u00e9glementation RGPD, Protection des Donn\u00e9es et Utilisation des Cookies :<\/b><\/p><p>Conform\u00e9ment aux exigences du R\u00e8glement G\u00e9n\u00e9ral sur la Protection des Donn\u00e9es (RGPD), nous nous engageons \u00e0 la transparence et \u00e0 la protection de vos donn\u00e9es personnelles. Pour une compr\u00e9hension claire de la mani\u00e8re dont nous recueillons, utilisons, prot\u00e9geons vos donn\u00e9es, ainsi que de notre utilisation des cookies pour am\u00e9liorer votre exp\u00e9rience sur notre site, nous vous invitons \u00e0 consulter notre <a href=\"#gdpr_cookie_modal\"><u>Centre d&rsquo;Informations RGPD et Cookies<\/u><\/a>.<\/p><p>En cliquant sur ce lien, vous aurez acc\u00e8s \u00e0 notre D\u00e9claration de Confidentialit\u00e9 et \u00e0 notre Politique de Cookies d\u00e9taillant nos pratiques en mati\u00e8re de protection des donn\u00e9es et d&rsquo;utilisation des cookies, ainsi que vos droits et choix concernant ces informations.<\/p><p><strong>Propri\u00e9t\u00e9 intellectuelle<\/strong><\/p><p>Tout le contenu du pr\u00e9sent site incluant, de fa\u00e7on non limitative, les graphismes, images, textes, vid\u00e9os, animations, sons, logos, gifs et ic\u00f4nes ainsi que leur mise en forme sont la propri\u00e9t\u00e9 exclusive de la soci\u00e9t\u00e9 WEBAUDIT FRANCE SARL \u00e0 l\u2019exception des marques, logos ou contenus appartenant \u00e0 d\u2019autres soci\u00e9t\u00e9s partenaires ou auteurs.<br \/>Toute reproduction, distribution, modification, adaptation, retransmission ou publication, m\u00eame partielle, de ces diff\u00e9rents \u00e9l\u00e9ments est strictement interdite sans l\u2019accord expr\u00e8s par \u00e9crit de WEBAUDIT FRANCE SARL. Cette repr\u00e9sentation ou reproduction, par quelque proc\u00e9d\u00e9 que ce soit, constitue une contrefa\u00e7on sanctionn\u00e9e par les articles L.335-2 et suivants du Code de la propri\u00e9t\u00e9 intellectuelle. Le non-respect de cette interdiction constitue une contrefa\u00e7on pouvant engager la responsabilit\u00e9 civile et p\u00e9nale du contrefacteur. En outre, les propri\u00e9taires des Contenus copi\u00e9s pourraient intenter une action en justice \u00e0 leur encontre.833 283 724<\/p>\t\t\t\t\t\t\t\t<\/div>\n\t\t\t\t<\/div>\n\t\t\t\t\t<\/div>\n\t\t<\/div>\n\t\t\t\t\t<\/div>\n\t\t<\/section>\n\t\t\t\t<\/div>","protected":false},"excerpt":{"rendered":"<p>Le site drivervtc13.fr est \u00e9dit\u00e9 par : WebAudit France245 rue du marais, 73190 Challes-les-EauxSARL au capital de 600\u20acRCS Chamb\u00e9ry 823 628 698contact(@)webaudit.fr Le site drivervtc13.fr est \u00e9dit\u00e9 pour : Raison sociale\u202f: DJAHAFI MEHDINom commercial\u202f: Driver VTC MarseilleAdresse\u202f: 2 RUE DE L&rsquo;HELICE 13015 MARSEILLESIRET\u202f: 98525147900020Num\u00e9ro de TVA\u202f: FR34985251479Date de cr\u00e9ation\u202f: 27\/02\/2024Capital social\u202f: 0\u20acDirecteur de publication\u202f: DJAHAFI [&hellip;]<\/p>\n","protected":false},"author":3,"featured_media":0,"parent":0,"menu_order":0,"comment_status":"closed","ping_status":"closed","template":"elementor_header_footer","meta":{"footnotes":""},"class_list":["post-6","page","type-page","status-publish","hentry"],"yoast_head":"<!-- This site is optimized with the Yoast SEO plugin v27.3 - https:\/\/yoast.com\/product\/yoast-seo-wordpress\/ -->\n<title>Mentions L\u00e9gales - Driver VTC Marseille<\/title>\n<meta name=\"robots\" content=\"index, follow, max-snippet:-1, max-image-preview:large, max-video-preview:-1\" \/>\n<link rel=\"canonical\" href=\"https:\/\/drivervtc13.fr\/en\/mentions-legales\/\" \/>\n<meta name=\"twitter:label1\" content=\"Est. reading time\" \/>\n\t<meta name=\"twitter:data1\" content=\"2 minutes\" \/>\n<script type=\"application\/ld+json\" class=\"yoast-schema-graph\">{\"@context\":\"https:\\\/\\\/schema.org\",\"@graph\":[{\"@type\":\"WebPage\",\"@id\":\"https:\\\/\\\/drivervtc13.fr\\\/mentions-legales\\\/\",\"url\":\"https:\\\/\\\/drivervtc13.fr\\\/mentions-legales\\\/\",\"name\":\"Mentions L\u00e9gales - Driver VTC Marseille\",\"isPartOf\":{\"@id\":\"https:\\\/\\\/drivervtc13.fr\\\/#website\"},\"datePublished\":\"2019-03-04T13:21:05+00:00\",\"dateModified\":\"2026-03-08T15:04:15+00:00\",\"breadcrumb\":{\"@id\":\"https:\\\/\\\/drivervtc13.fr\\\/mentions-legales\\\/#breadcrumb\"},\"inLanguage\":\"en-US\",\"potentialAction\":[{\"@type\":\"ReadAction\",\"target\":[\"https:\\\/\\\/drivervtc13.fr\\\/mentions-legales\\\/\"]}]},{\"@type\":\"BreadcrumbList\",\"@id\":\"https:\\\/\\\/drivervtc13.fr\\\/mentions-legales\\\/#breadcrumb\",\"itemListElement\":[{\"@type\":\"ListItem\",\"position\":1,\"name\":\"Accueil\",\"item\":\"https:\\\/\\\/drivervtc13.fr\\\/\"},{\"@type\":\"ListItem\",\"position\":2,\"name\":\"Mentions L\u00e9gales\"}]},{\"@type\":\"WebSite\",\"@id\":\"https:\\\/\\\/drivervtc13.fr\\\/#website\",\"url\":\"https:\\\/\\\/drivervtc13.fr\\\/\",\"name\":\"Driver VTC Marseille\",\"description\":\"R\u00e9server chauffeur VTC \u00e0 Marseille\",\"publisher\":{\"@id\":\"https:\\\/\\\/drivervtc13.fr\\\/#organization\"},\"potentialAction\":[{\"@type\":\"SearchAction\",\"target\":{\"@type\":\"EntryPoint\",\"urlTemplate\":\"https:\\\/\\\/drivervtc13.fr\\\/?s={search_term_string}\"},\"query-input\":{\"@type\":\"PropertyValueSpecification\",\"valueRequired\":true,\"valueName\":\"search_term_string\"}}],\"inLanguage\":\"en-US\"},{\"@type\":\"Organization\",\"@id\":\"https:\\\/\\\/drivervtc13.fr\\\/#organization\",\"name\":\"Driver VTC Marseille\",\"url\":\"https:\\\/\\\/drivervtc13.fr\\\/\",\"logo\":{\"@type\":\"ImageObject\",\"inLanguage\":\"en-US\",\"@id\":\"https:\\\/\\\/drivervtc13.fr\\\/#\\\/schema\\\/logo\\\/image\\\/\",\"url\":\"https:\\\/\\\/drivervtc13.fr\\\/wp-content\\\/uploads\\\/cropped-driver-vtc-marseille-logo.webp\",\"contentUrl\":\"https:\\\/\\\/drivervtc13.fr\\\/wp-content\\\/uploads\\\/cropped-driver-vtc-marseille-logo.webp\",\"width\":500,\"height\":313,\"caption\":\"Driver VTC Marseille\"},\"image\":{\"@id\":\"https:\\\/\\\/drivervtc13.fr\\\/#\\\/schema\\\/logo\\\/image\\\/\"}}]}<\/script>\n<!-- \/ Yoast SEO plugin. -->","yoast_head_json":{"title":"Mentions L\u00e9gales - Driver VTC Marseille","robots":{"index":"index","follow":"follow","max-snippet":"max-snippet:-1","max-image-preview":"max-image-preview:large","max-video-preview":"max-video-preview:-1"},"canonical":"https:\/\/drivervtc13.fr\/en\/mentions-legales\/","twitter_misc":{"Est. reading time":"2 minutes"},"schema":{"@context":"https:\/\/schema.org","@graph":[{"@type":"WebPage","@id":"https:\/\/drivervtc13.fr\/mentions-legales\/","url":"https:\/\/drivervtc13.fr\/mentions-legales\/","name":"Mentions L\u00e9gales - Driver VTC Marseille","isPartOf":{"@id":"https:\/\/drivervtc13.fr\/#website"},"datePublished":"2019-03-04T13:21:05+00:00","dateModified":"2026-03-08T15:04:15+00:00","breadcrumb":{"@id":"https:\/\/drivervtc13.fr\/mentions-legales\/#breadcrumb"},"inLanguage":"en-US","potentialAction":[{"@type":"ReadAction","target":["https:\/\/drivervtc13.fr\/mentions-legales\/"]}]},{"@type":"BreadcrumbList","@id":"https:\/\/drivervtc13.fr\/mentions-legales\/#breadcrumb","itemListElement":[{"@type":"ListItem","position":1,"name":"Accueil","item":"https:\/\/drivervtc13.fr\/"},{"@type":"ListItem","position":2,"name":"Mentions L\u00e9gales"}]},{"@type":"WebSite","@id":"https:\/\/drivervtc13.fr\/#website","url":"https:\/\/drivervtc13.fr\/","name":"Marseille Private Driver","description":"Book a private driver in Marseille","publisher":{"@id":"https:\/\/drivervtc13.fr\/#organization"},"potentialAction":[{"@type":"SearchAction","target":{"@type":"EntryPoint","urlTemplate":"https:\/\/drivervtc13.fr\/?s={search_term_string}"},"query-input":{"@type":"PropertyValueSpecification","valueRequired":true,"valueName":"search_term_string"}}],"inLanguage":"en-US"},{"@type":"Organization","@id":"https:\/\/drivervtc13.fr\/#organization","name":"Marseille Private Driver","url":"https:\/\/drivervtc13.fr\/","logo":{"@type":"ImageObject","inLanguage":"en-US","@id":"https:\/\/drivervtc13.fr\/#\/schema\/logo\/image\/","url":"https:\/\/drivervtc13.fr\/wp-content\/uploads\/cropped-driver-vtc-marseille-logo.webp","contentUrl":"https:\/\/drivervtc13.fr\/wp-content\/uploads\/cropped-driver-vtc-marseille-logo.webp","width":500,"height":313,"caption":"Driver VTC Marseille"},"image":{"@id":"https:\/\/drivervtc13.fr\/#\/schema\/logo\/image\/"}}]}},"_links":{"self":[{"href":"https:\/\/drivervtc13.fr\/en\/wp-json\/wp\/v2\/pages\/6","targetHints":{"allow":["GET"]}}],"collection":[{"href":"https:\/\/drivervtc13.fr\/en\/wp-json\/wp\/v2\/pages"}],"about":[{"href":"https:\/\/drivervtc13.fr\/en\/wp-json\/wp\/v2\/types\/page"}],"author":[{"embeddable":true,"href":"https:\/\/drivervtc13.fr\/en\/wp-json\/wp\/v2\/users\/3"}],"replies":[{"embeddable":true,"href":"https:\/\/drivervtc13.fr\/en\/wp-json\/wp\/v2\/comments?post=6"}],"version-history":[{"count":12,"href":"https:\/\/drivervtc13.fr\/en\/wp-json\/wp\/v2\/pages\/6\/revisions"}],"predecessor-version":[{"id":4937,"href":"https:\/\/drivervtc13.fr\/en\/wp-json\/wp\/v2\/pages\/6\/revisions\/4937"}],"wp:attachment":[{"href":"https:\/\/drivervtc13.fr\/en\/wp-json\/wp\/v2\/media?parent=6"}],"curies":[{"name":"wp","href":"https:\/\/api.w.org\/{rel}","templated":true}]}}